{"id":984,"date":"2025-02-01T13:08:08","date_gmt":"2025-02-01T12:08:08","guid":{"rendered":"https:\/\/tec-networks.com\/en\/cookie-richtlinie-eu\/"},"modified":"2025-02-03T16:09:00","modified_gmt":"2025-02-03T15:09:00","slug":"cookie-richtlinie-eu","status":"publish","type":"page","link":"https:\/\/tec-networks.com\/de\/cookie-richtlinie-eu\/","title":{"rendered":"Cookie-Richtlinie (EU)"},"content":{"rendered":"<div>\n<h1 class=\"uk-article-title\">Cookie-Richtlinie (EU)<\/h1>\n<div class=\"uk-margin-medium\" property=\"text\">\n<div id=\"cmplz-document\" class=\"cmplz-document cookie-statement cmplz-document-eu\">\n<p><i>Diese Cookie-Richtlinie wurde zuletzt am 1. Februar 2025 aktualisiert und gilt f\u00fcr B\u00fcrger und Einwohner mit st\u00e4ndigem Wohnsitz im Europ\u00e4ischen Wirtschaftsraum und der Schweiz.<\/i><\/p>\n<h2>1. Einf\u00fchrung<\/h2>\n<p>Unsere Website, <a href=\"https:\/\/tec-networks.com\/de\/\">https:\/\/tec-networks.com\/de\/<\/a> (im folgenden: \u201eDie Website\u201c) verwendet Cookies und \u00e4hnliche Technologien (der Einfachheit halber werden all diese unter \u201eCookies\u201c zusammengefasst). Cookies werden au\u00dferdem von uns beauftragten Drittparteien platziert. In dem unten stehendem Dokument informieren wir dich \u00fcber die Verwendung von Cookies auf unserer Website.<\/p>\n<h2>2. Was sind Cookies?<\/h2>\n<p>Ein Cookie ist eine einfache kleine Datei, die gemeinsam mit den Seiten einer Internetadresse versendet und vom Webbrowser auf dem PC oder einem anderen Ger\u00e4t gespeichert werden kann. Die darin gespeicherten Informationen k\u00f6nnen w\u00e4hrend folgender Besuche zu unseren oder den Servern relevanter Drittanbieter gesendet werden.<\/p>\n<h2>3. Was sind Skripte?<\/h2>\n<p>Ein Script ist ein St\u00fcck Programmcode, das benutzt wird, um unserer Website Funktionalit\u00e4t und Interaktivit\u00e4t zu erm\u00f6glichen. Dieser Code wird auf unseren Servern oder auf deinem Ger\u00e4t ausgef\u00fchrt.<\/p>\n<h2>4. Was ist ein Web Beacon?<\/h2>\n<p>Ein Web-Beacon (auch Pixel-Tag genannt), ist ein kleines unsichtbares Textfragment oder Bild auf einer Website, das benutzt wird, um den Verkehr auf der Website zu \u00fcberwachen. Um dies zu erm\u00f6glichen werden diverse Daten von dir mittels Web-Beacons gespeichert.<\/p>\n<h2>5. Cookies<\/h2>\n<p class=\"cmplz-subtitle\">5.1 Technische oder funktionelle Cookies<\/p>\n<p>Einige Cookies stellen sicher, dass Teile unserer Website richtig funktionieren und deine Nutzervorlieben bekannt bleiben. Durch das Platzieren funktionaler Cookies machen wir es dir einfacher unsere Website zu besuchen. Auf diese Weise musst du bei Besuchen unserer Website nicht wiederholt die gleichen Informationen eingeben, oder deine Gegenst\u00e4nde bleiben beispielsweise in deinem Warenkorb bis du bezahlst. Wir k\u00f6nnen diese Cookies ohne dein Einverst\u00e4ndnis platzieren.<\/p>\n<p class=\"cmplz-subtitle\">5.2 Analytische Cookies<\/p>\n<p>Wir verwenden analytische Cookies, um das Website-Erlebnis f\u00fcr unsere Nutzer zu optimieren. Mit diesen analytischen Cookies erhalten wir Einblicke in die Nutzung unserer Website.\u00a0Wir bitten um deine Erlaubnis, analytische Cookies zu setzen.<\/p>\n<p class=\"cmplz-subtitle\">5.3 Marketing- \/ Tracking-Cookies<\/p>\n<p>Marketing- \/ Tracking-Cookies sind Cookies oder eine andere Form der lokalen Speicherung, die zur Erstellung von Benutzerprofilen verwendet werden, um Werbung anzuzeigen oder den Benutzer auf dieser Website oder \u00fcber mehrere Websites hinweg f\u00fcr \u00e4hnliche Marketingzwecke zu verfolgen.<\/p>\n<p class=\"cmplz-subtitle\">5.4 Soziale-Medien<\/p>\n<p>Auf unserer Website haben wir Inhalte von Facebook und Instagram eingebunden, um Webseiten zu bewerben (z. B. \u201eGef\u00e4llt mir\u201c, \u201ePin\u201c) oder zu teilen (z. B. \u201eTweet\u201c) in sozialen Netzwerken wie Facebook und Instagram. Dieser Inhalt ist mit einem Code eingebettet, der von Facebook und Instagram stammt und Cookies platziert. Diese Inhalte k\u00f6nnen bestimmte Informationen f\u00fcr personalisierte Werbung speichern und verarbeiten.<\/p>\n<p>Bitte lies die Datenschutzerkl\u00e4rung dieser sozialen Netzwerke (die sich regelm\u00e4\u00dfig \u00e4ndern kann), um zu erfahren, wie sie mit deinen (pers\u00f6nlichen) Daten umgehen, die sie mithilfe dieser Cookies verarbeiten. Die abgerufenen Daten werden so weit wie m\u00f6glich anonymisiert. Facebook und Instagram hat seine Sitze in den Vereinigten Staaten<\/p>\n<h2>6. Platzierte Cookies<\/h2>\n<div id=\"cmplz-cookies-overview\"><\/div>\n<h2>7. Zustimmung<\/h2>\n<p>Wenn du unsere Website das erste Mal besuchst, zeigen wir dir ein Pop-Up mit einer Erkl\u00e4rung \u00fcber Cookies. Sobald du auf \u201eEinstellungen speichern\u201c klickst, gibst du uns dein Einverst\u00e4ndnis, alle von dir gew\u00e4hlten Kategorien von Cookies und Plugins wie in dieser Cookie-Erkl\u00e4rung beschrieben zu verwenden. Du kannst die Verwendung von Cookies \u00fcber deinen Browser deaktivieren, aber bitte beachte, dass unsere Website dann unter Umst\u00e4nden nicht richtig funktioniert.<\/p>\n<p class=\"cmplz-subtitle\">7.1 Verwalte deine Zustimmungseinstellungen<\/p>\n<div id=\"cmplz-manage-consent-container\" name=\"cmplz-manage-consent-container\" class=\"cmplz-manage-consent-container\">Wir haben ein Datenschutzsignal von deinem Browser erhalten. Aus diesem Grund haben wir deine Datenschutzeinstellungen auf dieser Website als unbedingt erforderlich festgelegt. Wenn du alle Funktionen nutzen m\u00f6chtest, solltest du <a href=\"https:\/\/tec-networks.com\">https:\/\/tec-networks.com<\/a> von deinen Datenschutzeinstellungen ausschlie\u00dfen.<\/div>\n<h2>8. Aktivierung\/Deaktivierung und L\u00f6schen von Cookies<\/h2>\n<p>Du kannst deinen Internetbrowser verwenden um automatisch oder manuell Cookies zu l\u00f6schen. Du kannst au\u00dferdem spezifizieren ob spezielle Cookies nicht platziert werden sollen. Eine andere M\u00f6glichkeit ist es deinen Internetbrowser derart einzurichten, dass du jedes Mal benachrichtigt wirst, wenn ein Cookie platziert wird. F\u00fcr weitere Information \u00fcber diese M\u00f6glichkeiten beachte die Anweisungen in der Hilfesektion deines Browsers.<\/p>\n<p>Bitte nimm zur Kenntnis, dass unsere Website m\u00f6glicherweise nicht richtig funktioniert, wenn alle Cookies deaktiviert sind. Wenn du die Cookies in deinem Browser l\u00f6scht, werden diese neu platziert, wenn du unsere Website erneut besuchst.<\/p>\n<h2>9. Deine Rechte in Bezug auf pers\u00f6nliche Daten<\/h2>\n<p>Du hast in Bezug auf deine pers\u00f6nlichen Daten die folgenden Rechte:<\/p>\n<ul>\n<li>Du hast das Recht zu wissen, warum deine pers\u00f6nlichen Daten gebraucht werden, was mit ihnen passiert und wie lange diese verwahrt werden.<\/li>\n<li>Zugriffsrecht: Du hast das Recht deine uns bekannten pers\u00f6nliche Daten einzusehen.<\/li>\n<li>Recht auf Berichtigung: Du hast das Recht wann immer du w\u00fcnscht, deine pers\u00f6nlichen Daten zu erg\u00e4nzen, zu korrigieren sowie gel\u00f6scht oder blockiert zu bekommen.<\/li>\n<li>Wenn du uns dein Einverst\u00e4ndnis zur Verarbeitung deiner Daten gegeben hast, hast du das Recht dieses Einverst\u00e4ndnis zu widerrufen und deine pers\u00f6nlichen Daten l\u00f6schen zu lassen.<\/li>\n<li>Recht auf Datentransfer deiner Daten: Du hast das Recht, alle deine pers\u00f6nlichen Daten von einem Kontrolleur anzufordern und in ihrer Gesamtheit zu einem anderen Kontrolleur zu transferieren.<\/li>\n<li>Widerspruchsrecht: Du kannst der Verarbeitung deiner Daten widersprechen. Wir entsprechen dem, es sei denn es gibt berechtigte Gr\u00fcnde f\u00fcr die Verarbeitung.<\/li>\n<\/ul>\n<p>Um diese Rechte auszu\u00fcben kontaktiere uns bitte. Bitte beziehe dich auf die Kontaktdaten am Ende dieser Cookie-Erkl\u00e4rung. Wenn du eine Beschwerde dar\u00fcber hast, wie wir deine Daten behandeln, w\u00fcrden wir diese gerne h\u00f6ren, aber du hast auch das Recht diese an die Aufsichtsbeh\u00f6rde (Datenschutzbeh\u00f6rde) zu richten.<\/p>\n<h2>10. Kontaktdaten<\/h2>\n<p>F\u00fcr Fragen und\/oder Kommentare \u00fcber unsere Cookie-Richtlinien und diese Aussage kontaktiere uns bitte mittels der folgenden Kontaktdaten:<\/p>\n<p><span class=\"cmplz-contact-organisation\">Tec Networks GmbH\u2028<\/span><br \/><span class=\"cmplz-contact-address\">\u2028Steinweg 3a<br \/>\u202826721 Emden<\/span><br \/><span class=\"cmplz-contact-country\">Deutschland<\/span><br \/>Website: <span class=\"cmplz-contact-domain\"><a href=\"https:\/\/tec-networks.com\/de\/\">https:\/\/tec-networks.com\/de\/<\/a><\/span><br \/>E-Mail: <span class=\"cmplz-contact-email\">anfrage@tec-networks.de<\/span><br \/><span class=\"cmplz-contact-telephone\">Phone number: +49 04921 591 3900<\/span><\/p>\n<p>Diese Cookie-Richtlinie wurde mit <a href=\"https:\/\/cookiedatabase.org\/\" target=\"_blank\" rel=\"noopener\">cookiedatabase.org<\/a> am 1. Februar 2025 synchronisiert.<\/p>\n<\/div>\n<\/div>\n<\/div>\n<p><!--more--><br \/>\n<!-- {\"type\":\"layout\",\"children\":[{\"type\":\"section\",\"props\":{\"image_position\":\"center-center\",\"style\":\"default\",\"title_breakpoint\":\"xl\",\"title_position\":\"top-left\",\"title_rotation\":\"left\",\"vertical_align\":\"middle\",\"width\":\"default\"},\"children\":[{\"type\":\"row\",\"children\":[{\"type\":\"column\",\"props\":{\"image_position\":\"center-center\",\"position_sticky_breakpoint\":\"m\"},\"children\":[{\"type\":\"text\",\"props\":{\"column_breakpoint\":\"m\",\"content\":\"\n\n<h1 class=\\\"uk-article-title\\\">Cookie-Richtlinie (EU)<\\\/h1>\\n\n\n<div class=\\\"uk-margin-medium\\\" property=\\\"text\\\">\\n\n\n<div id=\\\"cmplz-document\\\" class=\\\"cmplz-document cookie-statement cmplz-document-eu\\\">\\n\n\n<p><i>Diese Cookie-Richtlinie wurde zuletzt am 1. Februar 2025 aktualisiert und gilt f\\u00fcr B\\u00fcrger und Einwohner mit st\\u00e4ndigem Wohnsitz im Europ\\u00e4ischen Wirtschaftsraum und der Schweiz.<\\\/i><\\\/p>\\n\n\n<h2>1. Einf\\u00fchrung<\\\/h2>\\n\n\n<p>Unsere Website, ","protected":false},"excerpt":{"rendered":"<p>Cookie-Richtlinie (EU) Diese Cookie-Richtlinie wurde zuletzt am 1. Februar 2025 aktualisiert und gilt f\u00fcr B\u00fcrger und Einwohner mit st\u00e4ndigem Wohnsitz im Europ\u00e4ischen Wirtschaftsraum und der Schweiz. 1. Einf\u00fchrung Unsere Website, <a href=\"https:\/\/tec-networks.com\/de\/\">https:\/\/tec-networks.com\/de\/<\/a> (im folgenden: \u201eDie Website\u201c) verwendet Cookies und \u00e4hnliche Technologien (der Einfachheit halber werden all diese unter \u201eCookies\u201c zusammengefasst). Cookies werden au\u00dferdem von uns beauftragten [&hellip;]<\/p>\n","protected":false},"author":200920383,"featured_media":0,"parent":0,"menu_order":0,"comment_status":"closed","ping_status":"closed","template":"","meta":{"_seopress_robots_primary_cat":"","_seopress_titles_title":"","_seopress_titles_desc":"","_seopress_robots_index":"","_crdt_document":"","footnotes":""},"class_list":["post-984","page","type-page","status-publish","hentry"],"jetpack-related-posts":[{"id":705,"url":"https:\/\/tec-networks.com\/de\/datenschutzerklarung\/","url_meta":{"origin":984,"position":0},"title":"Datenschutzerkl\u00e4rung","author":"Daniel Juhnke","date":"13. Januar 2025","format":false,"excerpt":"Datenschutzerkl\u00e4rung 1. Datenschutz auf einen Blick Allgemeine HinweiseDie folgenden Hinweise geben einen einfachen \u00dcberblick dar\u00fcber, was mit Ihren personenbezogenen Daten passiert, wenn Sie diese Website besuchen. Personenbezogene Daten sind alle Daten, mit denen Sie pers\u00f6nlich identifiziert werden k\u00f6nnen. Ausf\u00fchrliche Informationen zum Thema Datenschutz entnehmen Sie unserer unter diesem Text aufgef\u00fchrten\u2026","rel":"","context":"\u00c4hnlicher Beitrag","block_context":{"text":"\u00c4hnlicher Beitrag","link":""},"img":{"alt_text":"","src":"","width":0,"height":0},"classes":[]},{"id":701,"url":"https:\/\/tec-networks.com\/de\/impressum\/","url_meta":{"origin":984,"position":1},"title":"Impressum","author":"Daniel Juhnke","date":"13. Januar 2025","format":false,"excerpt":"Impressum Tec Networks GmbH \u2028Steinweg 3a\u202826721 Emden Handelsregister: HRB 200912Registergericht: Amtsgericht Aurich Vertreten durch:\u2028 Daniel Juhnke und Arno Kramer Kontakt Telefon: +49 4921 591 3900E-Mail: anfrage@tec-networks.de Umsatzsteuer-IDUmsatzsteuer-Identifikationsnummer gem\u00e4\u00df \u00a7 27 a Umsatzsteuergesetz:\u2028DE 261 605 315 Redaktionell verantwortlichTec Networks GmbH\u2028Steinweg 3a\u202826721 Emden EU-StreitschlichtungDie Europ\u00e4ische Kommission stellt eine Plattform zur Online-Streitbeilegung (OS)\u2026","rel":"","context":"\u00c4hnlicher Beitrag","block_context":{"text":"\u00c4hnlicher Beitrag","link":""},"img":{"alt_text":"","src":"","width":0,"height":0},"classes":[]},{"id":1802,"url":"https:\/\/tec-networks.com\/de\/cybersmart\/","url_meta":{"origin":984,"position":2},"title":"Cyber Smart","author":"Daniel Juhnke","date":"8. September 2025","format":false,"excerpt":"Cyber Smart: Das digitale Awareness-Training f\u00fcr IT-Security zum Schutz eurer Organisation.Damit aus Klicks keine Katastrophen werden. Cyber Smart Nur wenn alle im Team wissen, wie Cyberangriffe ablaufen und wie man sich richtig verh\u00e4lt, entsteht Sicherheit. Genau das lernt ihr und alle Mitarbeitenden mit Cyber Smart. Verst\u00e4ndlich, konkret, praxisnah.Direkt buchen und\u2026","rel":"","context":"\u00c4hnlicher Beitrag","block_context":{"text":"\u00c4hnlicher Beitrag","link":""},"img":{"alt_text":"","src":"","width":0,"height":0},"classes":[]},{"id":1,"url":"https:\/\/tec-networks.com\/de\/ueber\/","url_meta":{"origin":984,"position":3},"title":"\u00dcber","author":"Daniel Juhnke","date":"11. M\u00e4rz 2024","format":false,"excerpt":"\u00dcber uns Euer Lieblings-IT-Dienstleister. Sag einfach 'Moin' zu Tec Networks! Egal, ob wir mit euch an ma\u00dfgeschneiderten Cloud-L\u00f6sungen, cleveren Strategien oder IT-Security arbeiten \u2013 bei uns dreht sich alles um das, was wirklich z\u00e4hlt: Menschen, Zusammenarbeit und L\u00f6sungen, die den Unterschied machen. Ja, wir sind Tech-Nerds, die sich gerne in\u2026","rel":"","context":"\u00c4hnlicher Beitrag","block_context":{"text":"\u00c4hnlicher Beitrag","link":""},"img":{"alt_text":"","src":"","width":0,"height":0},"classes":[]},{"id":446,"url":"https:\/\/tec-networks.com\/de\/events\/","url_meta":{"origin":984,"position":4},"title":"Events","author":"Daniel Juhnke","date":"12. Dezember 2024","format":false,"excerpt":"Events Events & Content von Tec Networks Bei Tec Networks leben und lieben wir IT auf allen Ebenen! Darum bieten wir verschiedene Event- und Content-Formate, die nicht nur informieren, sondern auch richtig Spa\u00df machen \u2013 immer fachlich fundiert und mit einer Prise norddeutschem Humor. Community Days Knowledge Days Webcasts Podcasts\u2026","rel":"","context":"\u00c4hnlicher Beitrag","block_context":{"text":"\u00c4hnlicher Beitrag","link":""},"img":{"alt_text":"","src":"","width":0,"height":0},"classes":[]},{"id":475,"url":"https:\/\/tec-networks.com\/de\/kontakt\/","url_meta":{"origin":984,"position":5},"title":"Kontakt","author":"Daniel Juhnke","date":"12. Dezember 2024","format":false,"excerpt":"Kontakt Wir sind f\u00fcr euch da Bei Tec Networks ist es uns wichtig, dass ihr euch mit euren Themen gut aufgehoben f\u00fchlt. Und falls ihr euch mal nicht sicher seid, wo ihr anfangen sollt \u2013 einfach melden. Wir sind immer nur einen Anruf oder eine E-Mail entfernt! Und wir sind\u2026","rel":"","context":"\u00c4hnlicher Beitrag","block_context":{"text":"\u00c4hnlicher Beitrag","link":""},"img":{"alt_text":"","src":"","width":0,"height":0},"classes":[]}],"_links":{"self":[{"href":"https:\/\/tec-networks.com\/de\/wp-json\/wp\/v2\/pages\/984","targetHints":{"allow":["GET"]}}],"collection":[{"href":"https:\/\/tec-networks.com\/de\/wp-json\/wp\/v2\/pages"}],"about":[{"href":"https:\/\/tec-networks.com\/de\/wp-json\/wp\/v2\/types\/page"}],"author":[{"embeddable":true,"href":"https:\/\/tec-networks.com\/de\/wp-json\/wp\/v2\/users\/200920383"}],"replies":[{"embeddable":true,"href":"https:\/\/tec-networks.com\/de\/wp-json\/wp\/v2\/comments?post=984"}],"version-history":[{"count":2,"href":"https:\/\/tec-networks.com\/de\/wp-json\/wp\/v2\/pages\/984\/revisions"}],"predecessor-version":[{"id":1049,"href":"https:\/\/tec-networks.com\/de\/wp-json\/wp\/v2\/pages\/984\/revisions\/1049"}],"wp:attachment":[{"href":"https:\/\/tec-networks.com\/de\/wp-json\/wp\/v2\/media?parent=984"}],"curies":[{"name":"wp","href":"https:\/\/api.w.org\/{rel}","templated":true}]}}